{"id":22836,"date":"2018-04-18T18:25:01","date_gmt":"2018-04-18T18:25:01","guid":{"rendered":"http:\/\/www.gasolineradelavictoria.com.mx\/main\/?page_id=22836"},"modified":"2021-09-27T20:49:45","modified_gmt":"2021-09-27T20:49:45","slug":"our-services-with-full-width-2-3","status":"publish","type":"page","link":"https:\/\/www.gasolineradelavictoria.com.mx\/main\/?page_id=22836","title":{"rendered":"Tarjetas de D\u00e9bito"},"content":{"rendered":"<p>[vc_row type=\u00bbgrid\u00bb][vc_column][vc_empty_space height=\u00bb130px\u00bb][vc_column_text]<\/p>\n<p style=\"text-align: center;\"><span style=\"font-size: 18pt; color: #333333;\">Motivos para tener nuestra tarjeta de d\u00e9bito\u00a0<\/span><\/p>\n<p>[\/vc_column_text][vc_single_image image=\u00bb22510&#8243; img_size=\u00bbfull\u00bb alignment=\u00bbcenter\u00bb]<div class='q_list number animate_list'><\/p>\n<ul>\n<li style=\"text-align: left;\"><span style=\"font-size: 14pt; color: #333333;\">Ideal para el control del consumo de gastos en combustibles, aceites etc. Se utiliza como monedero electr\u00f3nico.<\/span><\/li>\n<li style=\"text-align: left;\"><span style=\"font-size: 14pt; color: #333333;\">Recargando su tarjeta de prepago en nuestras oficinas o bien v\u00eda internet.<\/span><\/li>\n<li style=\"text-align: left;\"><span style=\"font-size: 14pt; color: #333333;\">(Flotillas) Mejor manejo y control de sus cargas de combustible.<\/span><\/li>\n<li style=\"text-align: left;\"><span style=\"font-size: 14pt; color: #333333;\">En cada consumo se emite un ticket de carga que contiene hora y fecha de carga (placas) el total del consumo (saldo restante en su cuenta).<\/span><\/li>\n<li style=\"text-align: left;\"><span style=\"font-size: 14pt; color: #333333;\">Obtenga un reporte detallado de sus consumos (diario , semanal, quincenal o mensual) a trav\u00e9s de Internet.<\/span><\/li>\n<li style=\"text-align: left;\"><span style=\"font-size: 14pt; color: #333333;\">No utiliza efectivo.<\/span><\/li>\n<li style=\"text-align: left;\"><span style=\"font-size: 14pt; color: #333333;\">No cobramos ning\u00fan tipo de comisi\u00f3n.<\/span><\/li>\n<\/ul>\n<p><\/div>[vc_empty_space][vc_column_text]<\/p>\n<p style=\"text-align: center;\"><span style=\"font-size: 18pt; color: #333333;\">\u00bfC\u00f3mo obtener nuestra tarjeta de d\u00e9bito?\u00a0<\/span><\/p>\n<p>[\/vc_column_text][vc_single_image image=\u00bb22510&#8243; img_size=\u00bbfull\u00bb alignment=\u00bbcenter\u00bb][vc_column_text]<\/p>\n<p style=\"text-align: left;\"><span style=\"font-size: 14pt; color: #333333;\">Usted decide c\u00f3mo, cuanto, cuando y a quien otorga en cada tarjeta. Usted puede adquirir la tarjeta de prepago recargable en nuestras oficinas por <span style=\"color: #ffbd07;\"><strong>un monto m\u00ednimo de $ 1000.00<\/strong><\/span> en cada recarga si no desea pagar en nuestras oficinas puede usted hacer el pago en la cuenta banco <span style=\"color: #ffbd07;\"><strong>Banorte 0131616309, Sucursal No. 1501 GDL La Paz. Cuenta CLABE 072320001316163092<\/strong><\/span> posteriormente usted podr\u00e1 recoger o pasar por su recarga a nuestras oficinas ubicadas en Av. Ni\u00f1os h\u00e9roes 2043 colonia barrera (frente al monumento de los ni\u00f1os h\u00e9roes).<\/span><\/p>\n<p>[\/vc_column_text][vc_empty_space][vc_row_inner][vc_column_inner width=\u00bb1\/2&#8243;][vc_single_image image=\u00bb22892&#8243; img_size=\u00bb1000&#215;400&#8243; alignment=\u00bbcenter\u00bb onclick=\u00bbcustom_link\u00bb qode_css_animation=\u00bbelement_from_top\u00bb]<div class='service_table_holder'><ul class='service_table_inner'><li class='service_table_title_holder ' style=''><div class='service_table_title_inner'><div class='service_table_title_inner2'><h4 class='service_title' style=''>Requisitos para su obtenci\u00f3n:<\/h4><\/div><\/div><\/li><li class='service_icon' style=''><\/li><li class='service_table_content' style=''><\/p>\n<ul>\n<li>Copia de identificaci\u00f3n.<\/li>\n<li>Copia comprobante de domicilio (reciente).<\/li>\n<li>En caso de pagar con cheque, copia de credencial de elector de quien firma.<\/li>\n<\/ul>\n<p><\/li><\/ul><\/div>[\/vc_column_inner][vc_column_inner width=\u00bb1\/2&#8243;][vc_single_image image=\u00bb22895&#8243; img_size=\u00bbfull\u00bb alignment=\u00bbcenter\u00bb onclick=\u00bbcustom_link\u00bb qode_css_animation=\u00bbelement_from_top\u00bb]<div class='service_table_holder'><ul class='service_table_inner'><li class='service_table_title_holder ' style=''><div class='service_table_title_inner'><div class='service_table_title_inner2'><h4 class='service_title' style=''>Datos para su personalizaci\u00f3n <\/h4><\/div><\/div><\/li><li class='service_icon' style=''><\/li><li class='service_table_content' style=''><\/p>\n<ul class=\"left\">\n<li>Placas<\/li>\n<li>Marca<\/li>\n<li>Modelo<\/li>\n<li>A\u00f1o<\/li>\n<li>Color<\/li>\n<li>N\u00famero Econ\u00f3mico<\/li>\n<li>Tipo de Combustible (Magna, Premium, Diesel)<\/li>\n<li>D\u00edas y horas para carga<\/li>\n<li>Importe autorizado por carga o por periodo<\/li>\n<\/ul>\n<p><\/li><\/ul><\/div>[\/vc_column_inner][\/vc_row_inner][\/vc_column][\/vc_row]<\/p>\n<div style='text-align:center' class='yasr-auto-insert-visitor'><\/div>","protected":false},"excerpt":{"rendered":"<p>[vc_row type=\u00bbgrid\u00bb][vc_column][vc_empty_space height=\u00bb130px\u00bb][vc_column_text] Motivos para tener nuestra tarjeta de d\u00e9bito\u00a0 [\/vc_column_text][vc_single_image image=\u00bb22510&#8243; img_size=\u00bbfull\u00bb alignment=\u00bbcenter\u00bb][vc_empty_space][vc_column_text] \u00bfC\u00f3mo obtener nuestra tarjeta de d\u00e9bito?\u00a0 [\/vc_column_text][vc_single_image image=\u00bb22510&#8243; img_size=\u00bbfull\u00bb alignment=\u00bbcenter\u00bb][vc_column_text] Usted decide c\u00f3mo, cuanto, cuando y a quien otorga en cada tarjeta. Usted puede adquirir la tarjeta de prepago recargable en&#8230;<\/p>\n","protected":false},"author":1,"featured_media":0,"parent":0,"menu_order":0,"comment_status":"open","ping_status":"open","template":"full_width.php","meta":{"yasr_overall_rating":0,"yasr_post_is_review":"","yasr_auto_insert_disabled":"","yasr_review_type":"","footnotes":""},"class_list":["post-22836","page","type-page","status-publish","hentry"],"yasr_visitor_votes":{"stars_attributes":{"read_only":false,"span_bottom":false},"number_of_votes":0,"sum_votes":0},"_links":{"self":[{"href":"https:\/\/www.gasolineradelavictoria.com.mx\/main\/index.php?rest_route=\/wp\/v2\/pages\/22836","targetHints":{"allow":["GET"]}}],"collection":[{"href":"https:\/\/www.gasolineradelavictoria.com.mx\/main\/index.php?rest_route=\/wp\/v2\/pages"}],"about":[{"href":"https:\/\/www.gasolineradelavictoria.com.mx\/main\/index.php?rest_route=\/wp\/v2\/types\/page"}],"author":[{"embeddable":true,"href":"https:\/\/www.gasolineradelavictoria.com.mx\/main\/index.php?rest_route=\/wp\/v2\/users\/1"}],"replies":[{"embeddable":true,"href":"https:\/\/www.gasolineradelavictoria.com.mx\/main\/index.php?rest_route=%2Fwp%2Fv2%2Fcomments&post=22836"}],"version-history":[{"count":7,"href":"https:\/\/www.gasolineradelavictoria.com.mx\/main\/index.php?rest_route=\/wp\/v2\/pages\/22836\/revisions"}],"predecessor-version":[{"id":23066,"href":"https:\/\/www.gasolineradelavictoria.com.mx\/main\/index.php?rest_route=\/wp\/v2\/pages\/22836\/revisions\/23066"}],"wp:attachment":[{"href":"https:\/\/www.gasolineradelavictoria.com.mx\/main\/index.php?rest_route=%2Fwp%2Fv2%2Fmedia&parent=22836"}],"curies":[{"name":"wp","href":"https:\/\/api.w.org\/{rel}","templated":true}]}}