{"id":18859,"date":"2014-06-02T09:22:38","date_gmt":"2014-06-02T09:22:38","guid":{"rendered":"http:\/\/demo.select-themes.com\/stockholm8\/?page_id=18859"},"modified":"2021-09-27T20:48:29","modified_gmt":"2021-09-27T20:48:29","slug":"about-us-2","status":"publish","type":"page","link":"https:\/\/www.gasolineradelavictoria.com.mx\/main\/?page_id=18859","title":{"rendered":"Nosotros"},"content":{"rendered":"<p>[vc_row][vc_column][vc_empty_space height=\u00bb150px\u00bb][vc_text_separator title=\u00bbGASOLINERA DE LA VICTORIA\u00bb border_color=\u00bb#dd3333&#8243;][vc_empty_space][\/vc_column][\/vc_row][vc_row type=\u00bbgrid\u00bb text_align=\u00bbcenter\u00bb background_color=\u00bb#f5f5f5&#8243; padding_top=\u00bb100&#8243; padding_bottom=\u00bb60&#8243;][vc_column width=\u00bb1\/3&#8243;][vc_column_text]<\/p>\n<h5>Misi\u00f3n<\/h5>\n<p>[\/vc_column_text][vc_single_image image=\u00bb22510&#8243; img_size=\u00bbfull\u00bb alignment=\u00bbcenter\u00bb][vc_column_text]<\/p>\n<p style=\"text-align: center;\"><span style=\"font-size: 14pt;\">Ser una estaci\u00f3n de servicio con el compromiso total de honestidad y de mejora continua, para ofrecer un excelente servicio al cliente, cuidando nuestro medio ambiente; manteniendo la calidad propia de la marca Shell y obtener una retribuci\u00f3n equilibrada para nuestros accionistas y colaboradores.<\/span><\/p>\n<p>[\/vc_column_text][vc_separator type=\u00bbtransparent\u00bb up=\u00bb40&#8243; down=\u00bb0&#8243;][\/vc_column][vc_column width=\u00bb1\/3&#8243;][vc_column_text]<\/p>\n<h5>Visi\u00f3n<\/h5>\n<p>[\/vc_column_text][vc_single_image image=\u00bb22510&#8243; img_size=\u00bbfull\u00bb alignment=\u00bbcenter\u00bb][vc_column_text]<\/p>\n<p style=\"text-align: center;\"><span style=\"font-size: 14pt;\">Ser reconocidos como la mejor estaci\u00f3n de servicio de Guadalajara<\/span><\/p>\n<p>[\/vc_column_text][vc_separator type=\u00bbtransparent\u00bb up=\u00bb40&#8243; down=\u00bb0&#8243;][\/vc_column][vc_column width=\u00bb1\/3&#8243;][vc_column_text]<\/p>\n<h5>Valores<\/h5>\n<p>[\/vc_column_text][vc_single_image image=\u00bb22510&#8243; img_size=\u00bbfull\u00bb alignment=\u00bbcenter\u00bb][vc_column_text]<\/p>\n<p style=\"text-align: center;\"><span style=\"font-size: 14pt;\">Honestidad<\/span><\/p>\n<p style=\"text-align: center;\"><span style=\"font-size: 14pt;\">Trabajo en equipo<\/span><\/p>\n<p style=\"text-align: center;\"><span style=\"font-size: 14pt;\">Servicio al cliente<\/span><\/p>\n<p style=\"text-align: center;\"><span style=\"font-size: 14pt;\">Liderazgo<\/span><\/p>\n<p style=\"text-align: center;\"><span style=\"font-size: 14pt;\">Calidad<\/span><\/p>\n<p>[\/vc_column_text][vc_separator type=\u00bbtransparent\u00bb up=\u00bb40&#8243; down=\u00bb0&#8243;][\/vc_column][\/vc_row][vc_row type=\u00bbgrid\u00bb background_color=\u00bb#ffffff\u00bb][vc_column][vc_empty_space][vc_row_inner][vc_column_inner width=\u00bb2\/3&#8243;][vc_empty_space][vc_column_text]<\/p>\n<h2 style=\"text-align: center;\"><span style=\"font-size: 18pt;\"><strong>\u00bfQui\u00e9nes Somos?<\/strong><\/span><\/h2>\n<p>[\/vc_column_text][vc_single_image image=\u00bb22510&#8243; img_size=\u00bbfull\u00bb alignment=\u00bbcenter\u00bb][vc_column_text]<span style=\"font-size: 14pt;\">Gasolinera de la Victoria, S.A., es una estaci\u00f3n de servicio con un prestigio y experiencia de 41 a\u00f1os que nos respaldan; nos renovamos totalmente, de ser una estaci\u00f3n de servicio tradicional, a una estaci\u00f3n de servicio que cuenta con lo \u00f9ltimo en equipo de la m\u00e1s alta tecnolog\u00eda, para que Usted tenga la confianza y certeza total de visitar una estaci\u00f3n HONESTA, y con el compromiso de mejora cont\u00ecnua, al d\u00eca a d\u00eca, y sobre todo, inmejorable ubicaci\u00f3n para brindarle a Usted nuestro cliente lo mejor de nosotros.<\/span>[\/vc_column_text][\/vc_column_inner][vc_column_inner width=\u00bb1\/3&#8243;][vc_single_image image=\u00bb23062&#8243; img_size=\u00bbfull\u00bb alignment=\u00bbcenter\u00bb]<div class='service_table_holder'><ul class='service_table_inner'><li class='service_table_title_holder ' style=''><div class='service_table_title_inner'><div class='service_table_title_inner2'><h4 class='service_title' style=''>GASOLINERA DE LA VICTORIA<\/h4><\/div><\/div><\/li><li class='service_icon' style=''><\/li><li class='service_table_content' style=''><\/li><\/ul><\/div>[\/vc_column_inner][\/vc_row_inner][vc_empty_space][\/vc_column][\/vc_row][vc_row background_image=\u00bb22796&#8243; padding_top=\u00bb50&#8243; padding_bottom=\u00bb50&#8243;][vc_column][vc_row_inner type=\u00bbgrid\u00bb padding_top=\u00bb85&#8243; padding_bottom=\u00bb55&#8243;][vc_column_inner][vc_column_text]<\/p>\n<h2 style=\"text-align: center;\"><span style=\"font-size: 18pt; color: #ffffff;\"><span style=\"color: #ffffff;\">NUESTRA<\/span><strong style=\"color: #ffffff; font-size: 18pt;\">\u00a0HISTORIA\u00a0<\/strong><\/span><\/h2>\n<p>[\/vc_column_text][vc_single_image image=\u00bb22510&#8243; img_size=\u00bbfull\u00bb alignment=\u00bbcenter\u00bb][\/vc_column_inner][\/vc_row_inner][vc_row_inner type=\u00bbgrid\u00bb padding_top=\u00bb85&#8243; padding_bottom=\u00bb55&#8243;][vc_column_inner width=\u00bb1\/6&#8243;][\/vc_column_inner][vc_column_inner width=\u00bb2\/3&#8243;][vc_column_text]<\/p>\n<p style=\"text-align: center;\"><span style=\"font-size: 14pt; color: #ffffff;\">Fundada el 4 de Abril de 1966; iniciando con 4 dispensarios, 2 de diesel y 2 de gasolina. Tambi\u00e9n se contaba con un \u00e1rea de servicio Express ( cambio de aceite, lavado ). En 1976 se inici\u00f2 con la construcci\u00f3n de la segunda secci\u00f3n, con 8 dispensarios mas de combustible. Nos complace compartir que tenemos clientes con una antig\u00fcedad de m\u00e1s de 30 a\u00f1os; y parte de nuestro personal con mas de 20 a\u00f1os de experiencia.<\/span><\/p>\n<p>[\/vc_column_text][\/vc_column_inner][vc_column_inner width=\u00bb1\/6&#8243;][\/vc_column_inner][\/vc_row_inner][\/vc_column][\/vc_row]<\/p>\n<div style='text-align:center' class='yasr-auto-insert-visitor'><\/div>","protected":false},"excerpt":{"rendered":"<p>[vc_row][vc_column][vc_empty_space height=\u00bb150px\u00bb][vc_text_separator title=\u00bbGASOLINERA DE LA VICTORIA\u00bb border_color=\u00bb#dd3333&#8243;][vc_empty_space][\/vc_column][\/vc_row][vc_row type=\u00bbgrid\u00bb text_align=\u00bbcenter\u00bb background_color=\u00bb#f5f5f5&#8243; padding_top=\u00bb100&#8243; padding_bottom=\u00bb60&#8243;][vc_column width=\u00bb1\/3&#8243;][vc_column_text] Misi\u00f3n [\/vc_column_text][vc_single_image image=\u00bb22510&#8243; img_size=\u00bbfull\u00bb alignment=\u00bbcenter\u00bb][vc_column_text] Ser una estaci\u00f3n de servicio con el compromiso total de honestidad y de mejora continua, para ofrecer un excelente servicio al cliente, cuidando nuestro medio ambiente; manteniendo&#8230;<\/p>\n","protected":false},"author":1,"featured_media":0,"parent":0,"menu_order":0,"comment_status":"open","ping_status":"open","template":"full_width.php","meta":{"yasr_overall_rating":0,"yasr_post_is_review":"","yasr_auto_insert_disabled":"","yasr_review_type":"","footnotes":""},"class_list":["post-18859","page","type-page","status-publish","hentry"],"yasr_visitor_votes":{"stars_attributes":{"read_only":false,"span_bottom":false},"number_of_votes":0,"sum_votes":0},"_links":{"self":[{"href":"https:\/\/www.gasolineradelavictoria.com.mx\/main\/index.php?rest_route=\/wp\/v2\/pages\/18859","targetHints":{"allow":["GET"]}}],"collection":[{"href":"https:\/\/www.gasolineradelavictoria.com.mx\/main\/index.php?rest_route=\/wp\/v2\/pages"}],"about":[{"href":"https:\/\/www.gasolineradelavictoria.com.mx\/main\/index.php?rest_route=\/wp\/v2\/types\/page"}],"author":[{"embeddable":true,"href":"https:\/\/www.gasolineradelavictoria.com.mx\/main\/index.php?rest_route=\/wp\/v2\/users\/1"}],"replies":[{"embeddable":true,"href":"https:\/\/www.gasolineradelavictoria.com.mx\/main\/index.php?rest_route=%2Fwp%2Fv2%2Fcomments&post=18859"}],"version-history":[{"count":13,"href":"https:\/\/www.gasolineradelavictoria.com.mx\/main\/index.php?rest_route=\/wp\/v2\/pages\/18859\/revisions"}],"predecessor-version":[{"id":23072,"href":"https:\/\/www.gasolineradelavictoria.com.mx\/main\/index.php?rest_route=\/wp\/v2\/pages\/18859\/revisions\/23072"}],"wp:attachment":[{"href":"https:\/\/www.gasolineradelavictoria.com.mx\/main\/index.php?rest_route=%2Fwp%2Fv2%2Fmedia&parent=18859"}],"curies":[{"name":"wp","href":"https:\/\/api.w.org\/{rel}","templated":true}]}}